{"id":1403,"date":"2017-03-14T20:19:28","date_gmt":"2017-03-14T19:19:28","guid":{"rendered":"http:\/\/fundacjawsparcie.eu\/?page_id=1403"},"modified":"2017-03-14T20:19:28","modified_gmt":"2017-03-14T19:19:28","slug":"zasada-antydyskryminacyjna","status":"publish","type":"page","link":"https:\/\/fundacjawsparcie.eu\/index.php\/zasada-antydyskryminacyjna\/","title":{"rendered":"Zasada antydyskryminacyjna"},"content":{"rendered":"<h4 style=\"text-align: center;\"><a href=\"https:\/\/fundacjawsparcie.eu\/index.php\/2016\/12\/31\/klub-miedzypokoleniowy-fundacji-wsparcie\/\"><span style=\"color: #333399;\"><strong>Podstawowe zasady klauzuli antydyskryminacyjnej<\/strong><\/span><\/a><\/h4>\n<h4 style=\"padding-left: 30px;\"><span style=\"color: #000080;\"><span style=\"color: #333399;\">\u201eNiniejszym, w imieniu w\u0142asnym i Fundacji Wsparcie deklarujemy, \u017ce nasza firma przyjmuje i stosuje przyj\u0119te przez Miasto zasady r\u00f3wnego traktowania, ma \u015bwiadomo\u015b\u0107 odpowiedzialno\u015bci prawnej za \u0142amanie przepis\u00f3w zakazuj\u0105cych dyskryminacji i prowadzi dzia\u0142alno\u015b\u0107 woln\u0105 od dyskryminacji, w szczeg\u00f3lno\u015bci ze wzgl\u0119du na takie cechy jak p\u0142e\u0107, rasa (kolor sk\u00f3ry), pochodzenie etniczne lub narodowo\u015b\u0107, mog\u0105ce stanowi\u0107 podstaw\u0119 nier\u00f3wnego traktowania, a niemaj\u0105ce<\/span> racjonalnego uzasadnienia z punktu widzenia prowadzonej przez nas dzia\u0142alno\u015bci&#8221;.\u00a0<\/span><\/h4>\n<h4 style=\"text-align: right;\"><span style=\"color: #000080;\">\u00a0Prezes Fundacji Wsparcie<\/span><\/h4>\n<h4 style=\"text-align: right;\"><span style=\"color: #000080;\">\u00a0\u00a0\u00a0\u00a0\u00a0\u00a0\u00a0\u00a0\u00a0\u00a0\u00a0\u00a0\u00a0\u00a0\u00a0 Agata Anusiewicz<\/span><\/h4>\n","protected":false},"excerpt":{"rendered":"<p>Podstawowe zasady klauzuli antydyskryminacyjnej \u201eNiniejszym, w imieniu w\u0142asnym i Fundacji Wsparcie deklarujemy, \u017ce nasza firma przyjmuje i stosuje przyj\u0119te przez Miasto zasady r\u00f3wnego traktowania, ma \u015bwiadomo\u015b\u0107 odpowiedzialno\u015bci prawnej za \u0142amanie przepis\u00f3w zakazuj\u0105cych dyskryminacji i prowadzi dzia\u0142alno\u015b\u0107 woln\u0105 od dyskryminacji, w szczeg\u00f3lno\u015bci ze wzgl\u0119du na takie cechy jak p\u0142e\u0107, rasa (kolor sk\u00f3ry), pochodzenie etniczne lub narodowo\u015b\u0107, [&hellip;]<\/p>\n","protected":false},"author":1,"featured_media":0,"parent":0,"menu_order":0,"comment_status":"closed","ping_status":"closed","template":"","meta":{"footnotes":""},"class_list":["post-1403","page","type-page","status-publish","hentry"],"blocksy_meta":{"styles_descriptor":{"styles":{"desktop":"","tablet":"","mobile":""},"google_fonts":[],"version":6}},"brizy_media":[],"_links":{"self":[{"href":"https:\/\/fundacjawsparcie.eu\/index.php\/wp-json\/wp\/v2\/pages\/1403","targetHints":{"allow":["GET"]}}],"collection":[{"href":"https:\/\/fundacjawsparcie.eu\/index.php\/wp-json\/wp\/v2\/pages"}],"about":[{"href":"https:\/\/fundacjawsparcie.eu\/index.php\/wp-json\/wp\/v2\/types\/page"}],"author":[{"embeddable":true,"href":"https:\/\/fundacjawsparcie.eu\/index.php\/wp-json\/wp\/v2\/users\/1"}],"replies":[{"embeddable":true,"href":"https:\/\/fundacjawsparcie.eu\/index.php\/wp-json\/wp\/v2\/comments?post=1403"}],"version-history":[{"count":2,"href":"https:\/\/fundacjawsparcie.eu\/index.php\/wp-json\/wp\/v2\/pages\/1403\/revisions"}],"predecessor-version":[{"id":1405,"href":"https:\/\/fundacjawsparcie.eu\/index.php\/wp-json\/wp\/v2\/pages\/1403\/revisions\/1405"}],"wp:attachment":[{"href":"https:\/\/fundacjawsparcie.eu\/index.php\/wp-json\/wp\/v2\/media?parent=1403"}],"curies":[{"name":"wp","href":"https:\/\/api.w.org\/{rel}","templated":true}]}}